{"id":2724,"date":"2020-10-21T06:00:06","date_gmt":"2020-10-21T06:00:06","guid":{"rendered":"https:\/\/b66c7cabbc2490812.temporary.link\/terminos-y-condiciones\/"},"modified":"2021-05-19T16:54:39","modified_gmt":"2021-05-19T16:54:39","slug":"terms-and-conditions","status":"publish","type":"page","link":"https:\/\/jimenezduarte.com\/en\/terms-and-conditions\/","title":{"rendered":"Terms and Conditions"},"content":{"rendered":"[vc_row][vc_column][vc_column_text]\n<p style=\"text-align: center;\"><span style=\"color: #a99c80;\">Jim\u00e9nez Duarte Asociados<\/span><\/p>\n<h1 style=\"text-align: center;\"><strong><span style=\"color: #004849;\">T\u00e9rminos y condiciones<\/span><\/strong><\/h1>\n[\/vc_column_text][vc_column_text]Gracias por visitar el SITIO de Jim\u00e9nez Duarte Asociados (en adelante el \u201cSITIO\u201d). Agradecemos su inter\u00e9s al considerarnos como sus posibles consultores.<\/p>\n<p>Por favor aseg\u00farese de leer y comprender estos T\u00c9RMINOS Y CONDICIONES DE USO (en adelante los \u201cT\u00c9RMINOS Y CONDICIONES\u201d) antes de usar este SITIO. El acceso y uso del SITIO indica que usted acepta y se obliga libremente al cumplimiento de estos T\u00c9RMINOS Y CONDICIONES sobre la forma en la que usted puede acceder y usar este SITIO.<\/p>\n<p>La POL\u00cdTICA DE DATOS del SITIO hace parte integral de estos T\u00c9RMINOS Y CONDICIONES. Por lo tanto, siempre que se haga en este texto referencia a los T\u00c9RMINOS Y CONDICIONES, se estar\u00e1 haciendo tambi\u00e9n referencia a la POL\u00cdTICA DE PRIVACIDAD de Jim\u00e9nez Duarte Asociados.<\/p>\n<p>Por favor lea cuidadosamente estos TERMINOS Y CONDICIONES antes de usar este SITIO.<\/p>\n<p>La escogencia de un consultor no debe basarse \u00fanicamente en la informaci\u00f3n contenida en este SITIO.<\/p>\n<ol>\n<li>Operaci\u00f3n del SITIO web: Este SITIO es operado por Jim\u00e9nez Duarte Asociados (\u201cJim\u00e9nez Duarte Asociados\u201d), empresas v\u00e1lidamente constituidas en Colombia, dedicadas a la prestaci\u00f3n de servicios de Impuestos, legales y de precios de transferencia. Este SITIO contiene informaci\u00f3n general sobre Jim\u00e9nez Duarte Asociados. En este SITIO, Jim\u00e9nez Duarte Asociados no presta ning\u00fan tipo de servicio. El \u00fanico y exclusivo prop\u00f3sito de los materiales, contenidos, informaci\u00f3n y opiniones incluidas en este SITIO es informativo. Recuerde que ninguno de los contenidos aqu\u00ed publicados son opiniones legales de nosotros como consultores. La direcci\u00f3n en la cual usted puede contactar a Jim\u00e9nez Duarte Asociados es la siguiente: info@jimenezduarte.com<\/li>\n<li>Requisito de edad: Usted podr\u00e1 acceder y usar este SITIO si usted es mayor de edad, de conformidad con las leyes aplicables. Si usted no es mayor de edad o no cuenta con las autorizaciones legales y capacidad requeridas para acceder y usar este SITIO, por favor abst\u00e9ngase de usarlo, aband\u00f3nelo, y no acceda a sus funcionalidades. En todo caso, recomendamos a los padres y tutores de los menores supervisar el acceso de sus hijos al SITIO.<\/li>\n<li>Acuerdo de uso del SITIO: El ingreso a este SITIO indica que usted se ha comprometido a aceptar y cumplir con estos T\u00c9RMINOS Y CONDICIONES. Si usted no est\u00e1 de acuerdo con estos T\u00c9RMINOS Y CONDICIONES, no ingrese a este SITIO, abst\u00e9ngase de hacer uso del SITIO y los Contenidos, y aband\u00f3nelo inmediatamente. Por favor tenga en cuenta que su derecho de acceder o ingresar a este SITIO podr\u00e1 ser cancelado en cualquier momento por Jim\u00e9nez Duarte Asociados, sin previa notificaci\u00f3n ni justificaci\u00f3n alguna.<\/li>\n<li>Usuarios: Los presentes T\u00c9RMINOS Y CONDICIONES, estar\u00e1n dirigidos a los terceros interesados que visitan el SITIO: a los empleados de Jim\u00e9nez Duarte Asociados que utilizan el SITIO para fines institucionales; a los terceros interesados en enviar su hija de vida para trabajar en Jim\u00e9nez Duarte Asociados; a nuestros clientes y proveedores, como tambi\u00e9n a cualquier otra persona que acceda libremente a los contenidos del SITIO y navegue \/o utilice las funcionalidades del SITIO.<\/li>\n<li>Transmisi\u00f3n electr\u00f3nica de informaci\u00f3n: Si usted decide contactar a Jim\u00e9nez Duarte Asociados a trav\u00e9s de este SITIO, por favor tenga en cuenta que la transmisi\u00f3n electr\u00f3nica de informaci\u00f3n a trav\u00e9s de las redes globales de comunicaciones puede no ser segura, y por lo tanto no existe garant\u00eda sobre la reserva, confidencialidad o seguridad de su informaci\u00f3n. Tenga usted una relaci\u00f3n comercial activa o no con Jim\u00e9nez Duarte Asociados, le agradecemos abstenerse de transmitir informaci\u00f3n que est\u00e9 sujeta a reserva, confidencialidad o secreto de cualquier tipo, dado que Jim\u00e9nez Duarte Asociados no puede asegurar la reserva, confidencialidad o secreto de la misma, ni puede garantizar que tal informaci\u00f3n ser\u00e1 tratada bajo el secreto profesional entre abogado y cliente. Jim\u00e9nez Duarte Asociados tampoco puede asegurar la integridad o la devoluci\u00f3n de la informaci\u00f3n que usted env\u00ede a trav\u00e9s de este SITIO. Por favor no nos env\u00ede su informaci\u00f3n personal, secreta, confidencial o reservada a trav\u00e9s de medios electr\u00f3nicos o f\u00edsicos, salvo que Jim\u00e9nez Duarte Asociados as\u00ed lo haya autorizado expresamente y por escrito.. Hacerlo significar\u00e1 la violaci\u00f3n de estos T\u00c9RMINOS Y CONDICIONES.<\/li>\n<li>Jim\u00e9nez Duarte Asociados. no presta servicios legales a trav\u00e9s del SITIO. La informaci\u00f3n y materiales de este SITIO no tienen la intenci\u00f3n de ser, ni deben ser interpretados como una opini\u00f3n legal, recomendaci\u00f3n legal o asesor\u00eda jur\u00eddica de ning\u00fan tipo. Este SITIO, el acceso y uso del mismo, as\u00ed como la informaci\u00f3n contenida en este SITIO y la utilizaci\u00f3n de \u00e9sta no significan ni crean una relaci\u00f3n abogado-cliente o cualquier otro tipo de relaci\u00f3n comercial. Usted no puede ni debe utilizar el SITIO, los contenidos del SITIO y la informaci\u00f3n contenida en el SITIO como una base o fundamento para elaborar estrategias jur\u00eddicas, legales, estructuraci\u00f3n de negocios o para decidir sobre acciones legales, pues se aclara nuevamente que la navegaci\u00f3n del SITIO no sustituye de ninguna manera la consulta directa a un asesor.<\/li>\n<li>Estos T\u00c9RMINOS Y CONDICIONES pueden cambiar. Jim\u00e9nez Duarte Asociados se reserva el derecho de modificar, cambiar o dejar sin aplicaci\u00f3n estos T\u00c9RMINOS Y CONDICIONES en cualquier momento y bajo su total discreci\u00f3n, sin necesidad de notificarle a usted previamente.<\/li>\n<li>Alcance del Contenido: Jim\u00e9nez Duarte Asociados es una firma de consultor\u00eda cuya pr\u00e1ctica se desarrolla enteramente en Colombia. Aun cuando algunos de nuestros consultores est\u00e1n autorizados para ejercer la pr\u00e1ctica en el exterior, toda la informaci\u00f3n y Contenidos que usted encuentra en este SITIO tienen un alcance limitado exclusivamente a Colombia.<\/li>\n<li>Cambios en el Contenido del SITIO: Jim\u00e9nez Duarte Asociados podr\u00e1, en cualquier momento, y sin previo aviso, modificar, adicionar, eliminar, suprimir, enmendar, y en cualquier forma cambiar los Contenidos de este SITIO incluyendo cualquier documento, dato, testimonio, rese\u00f1a, referencia o informaci\u00f3n incluida en el SITIO.<\/li>\n<li>Derechos propiedad, derechos de propiedad intelectual, marcas y registros: Se proh\u00edbe la modificaci\u00f3n, reproducci\u00f3n, publicaci\u00f3n o transferencia de cualquier Contenido a otras personas, o su uso para cualquier fin. Excepto en la medida en que la ley vigente lo permita, est\u00e1 prohibido desensamblar, descompilar, aplicar ingenier\u00eda inversa o intentar por cualquier medio romper la protecci\u00f3n del contenido. Todos los contenidos, elementos e informaci\u00f3n de este SITIO incluyendo todo texto, formato, im\u00e1genes, m\u00fasica, marcas, logotipos, ense\u00f1as, nombres comerciales, sonidos, gr\u00e1ficos, videos, animaci\u00f3n, y dem\u00e1s materiales de este SITIO (los \u201cContenidos\u201d) son de propiedad de Jim\u00e9nez Duarte Asociados. El video inicial del SITIO es de propiedad de Drone Moments.<\/li>\n<li>Uso del SITIO: El acceso a este SITIO significa que usted ha aceptado que el uso que usted har\u00e1 de este SITIO, de sus Contenidos y la informaci\u00f3n contenida en \u00e9ste, tendr\u00e1 prop\u00f3sitos leg\u00edtimos y legales, y se har\u00e1 en cumplimiento de estos T\u00c9RMINOS Y CONDICIONES y de todas y cualesquiera leyes aplicables. Particular pero no exclusivamente, el uso de este SITIO, sus Contenidos y la informaci\u00f3n contenida en el SITIO se encuentra limitado por lo siguiente: Usted acepta que no usar\u00e1 este SITIO, sus Contenidos o la informaci\u00f3n contenida en \u00e9ste, para: (a) transmitir a terceros o de cualquier manera publicar informaci\u00f3n que es falsa, da\u00f1ina, hostil, abusiva, irritante, problem\u00e1tica, amenazante, tortuosa, difamatoria, vulgar, obscena, pornogr\u00e1fica, infundada, odiosa o perjudicial, o respecto de la cual no se cuenta con las debidas autorizaciones legales o contractuales; (b) ocasionar da\u00f1o a menores de edad o promover o efectuar da\u00f1os f\u00edsicos o materiales a cualquier persona o grupo de personas naturales y jur\u00eddicas, o a animales; (c) utilizar la identidad o la informaci\u00f3n personal de personas (naturales o jur\u00eddicas) mencionadas en el SITIO, para cualquier prop\u00f3sito o finalidad; (d) transmitir o emitir material que contenga virus inform\u00e1ticos o cualquier otro c\u00f3digo, programa de computador o aplicaci\u00f3n destinada a interrumpir, destruir, restringir o perjudicar la funcionalidad de computadores, programas de computador, sistemas de informaci\u00f3n, redes de telecomunicaciones o infraestructura y servicios de terceros; (e) de manera intencionada o sin intenci\u00f3n violar o incumplir cualquier ley aplicable nacional, local, estatal o internacional, incluyendo pero sin limitarse a las normas de privacidad y protecci\u00f3n de datos; (f) recolectar, guardar y administrar datos personales sobre personas naturales y jur\u00eddicas sin la correspondiente autorizaci\u00f3n y en incumplimiento de las leyes aplicables; (g) ejecutar, planear, armar, estructurar o realizar pr\u00e1cticas o actividades de car\u00e1cter criminal; (h) infringir los derechos de propiedad intelectual de Jim\u00e9nez Duarte Asociados o de terceros, entre otras conductas lesivas de terceros o de las leyes aplicables.<\/li>\n<li>Licencia para el uso del SITIO: Salvo por la licencia mencionada en esta secci\u00f3n, est\u00e1 prohibida la modificaci\u00f3n, reproducci\u00f3n, decodificaci\u00f3n, des-encriptaci\u00f3n, desarme, aplicaci\u00f3n de ingenier\u00eda de reversa, publicaci\u00f3n, hiper-vinculaci\u00f3n, transferencia a otras personas, o de cualquier otra manera la alteraci\u00f3n o divulgaci\u00f3n de los Contenidos y la informaci\u00f3n contenida en este SITIO sin permiso previo y por escrito de Jim\u00e9nez Duarte Asociados.<\/li>\n<li>Consecuencias por el uso del SITIO: Cualquier violaci\u00f3n por parte de usted de estos T\u00c9RMINOS Y CONDICIONES, o cualquier queja o informaci\u00f3n que Jim\u00e9nez Duarte Asociados de terceros sobre el incumplimiento, abuso o mal uso de estos T\u00c9RMINOS Y CONDICIONES, podr\u00e1 ser investigada. La violaci\u00f3n de estos T\u00c9RMINOS Y CONDICIONES puede resultar en responsabilidad civil o penal de parte de usted.<\/li>\n<li>Comentarios del usuario: Usted podr\u00e1 enviar a Jim\u00e9nez Duarte Asociados sus comentarios y cualquier otro contenido incluyendo ideas, sugerencias e inquietudes sobre el SITIO o la informaci\u00f3n incluida en \u00e9ste, siempre y cuando tal informaci\u00f3n no sea ilegal, falsa, da\u00f1ina, hostil, abusiva, irritante, problem\u00e1tica, amenazante, tortuosa, difamatoria, vulgar, obscena, pornogr\u00e1fica, infundada, violatoria de derechos de propiedad intelectual, injuriosa, odiosa o perjudicial, o respecto de la cual usted no cuente con las debidas autorizaciones legales o contractuales, o que contenga alg\u00fan tipo de virus inform\u00e1tico, o consista en correo masivo, campa\u00f1as pol\u00edticas, publicidad, o cualquier forma de spam.<\/li>\n<li>Informaci\u00f3n sobre experiencias y comentarios de usuarios: Alguna informaci\u00f3n incluida en el SITIO que es provista por los usuarios del mismo o por el p\u00fablico en general tiene el fin exclusivo de ser discutida o servir como ejemplo. Jim\u00e9nez Duarte Asociados sugiere que cualquier informaci\u00f3n que usted pueda encontrar en el SITIO sea discutida con abogados profesionales antes de formarse una idea o tomar decisiones con base en esa informaci\u00f3n.<\/li>\n<li>Mejores esfuerzos: Jim\u00e9nez Duarte Asociados ha utilizado sus mejores esfuerzos para asegurar que todos los Contenidos y la informaci\u00f3n incluida en este SITIO sean correctos. Sin embargo, Jim\u00e9nez Duarte Asociados no puede garantizar la veracidad de los Contenidos y la informaci\u00f3n del SITIO, por lo que no asume ninguna responsabilidad sobre la veracidad, exactitud, autenticidad, correspondencia con la realidad, fidelidad, exhaustividad, completitud, integridad o precisi\u00f3n de cualquier informaci\u00f3n y Contenidos incluidos en este SITIO.<\/li>\n<li>Jim\u00e9nez Duarte Asociados sus afiliadas, empleados, directores, agentes, oficiales, distribuidores, comercializadores, patrocinadores o licenciantes, no otorgan ninguna garant\u00eda, ni expresa ni impl\u00edcita, en relaci\u00f3n con este SITIO y todo su Contenido, el cual le es suministrado a usted TAL Y COMO EST\u00c1 y CON TODAS SUS FALLAS provenientes de la fuente. Cualquier informaci\u00f3n, originada por Jim\u00e9nez Duarte Asociadoso por cualquier tercero, que usted obtenga a trav\u00e9s de este SITIO no tiene ni generar\u00e1 garant\u00eda alguna por parte de Jim\u00e9nez Duarte Asociados, no otorgan ninguna garant\u00eda, ni expresa ni impl\u00edcita, en relaci\u00f3n con la informaci\u00f3n contenida en el SITIO.<\/li>\n<li>No responsabilidad por reclamaciones o da\u00f1os Usted como usuario del SITIO asume su propio riesgo al acceder a \u00e9ste y usarlo, incluyendo el riesgo personal y de sus propiedades y las de terceros que pueda surgir por conocer, usar, compartir o bajar cualquier Contenido o informaci\u00f3n proporcionado en este SITIO o que sea de cualquiera otra manera obtenido por usted a trav\u00e9s de este SITIO. Usted como usuario del SITIO ser\u00e1 el \u00fanico responsable por los da\u00f1os que el acceso al SITIO pueda causar a los sistemas de informaci\u00f3n y comunicaci\u00f3n que usted utiliza para acceder al mismo, incluyendo los da\u00f1os por virus inform\u00e1tico. Jim\u00e9nez Duarte Asociados, sus afiliadas, empleados, directores, agentes, oficiales, distribuidores, comercializadores, patrocinadores o licenciantes, seg\u00fan lo permita la ley aplicable, no ser\u00e1n responsables en ning\u00fan caso, existiendo o no reclamaciones o acciones de cualquier tipo o forma, por cualquier da\u00f1o, sea \u00e9ste directo o indirecto, especial, punitivo, ejemplar, emergente, real, eventual o cualquiera otro, que se cause a o sufra el usuario del SITIO o cualquier tercero, incluyendo pero sin limitarse a da\u00f1os a la integridad humana, propiedad, p\u00e9rdida de uso, p\u00e9rdida comercial, p\u00e9rdida econ\u00f3mica, p\u00e9rdida de datos o p\u00e9rdida de ganancias, da\u00f1o que se cause en virtud de responsabilidad contractual, negligencia, y\/o responsabilidad extracontractual, por el acceso y uso de los Contenidos de este SITIO o la utilizaci\u00f3n de la informaci\u00f3n contenida en el SITIO. EL ACCESO A Y USO DE ESTE SITIO SIGNIFICA QUE USTED HA ACEPTADO MANTENER INDEMNE A JIM\u00c9NEZ DUARTE ASOCIADOS CUALQUIER RECLAMO, QUEJA, INVESTIGACI\u00d3N ADMINISTRATIVA O JUDICIAL, ACCI\u00d3N LEGAL O RESPONSABILIDAD PROBADA BASADA EN O RELATIVA A LA VIOLACI\u00d3N DE ESTOS T\u00c9RMINOS Y CONDICIONES POR PARTE DE JIM\u00c9NEZ DUARTE ASOCIADOS. EN CONSECUENCIA, USTED NO PODR\u00c1 DEMANDAR O INSTAURAR ACCIONES DE NING\u00daN TIPO, NI RECOBRAR NING\u00daN TIPO DE INDEMNIZACI\u00d3N POR DA\u00d1OS O PERJUICIOS DE NING\u00daN TIPO DE PARTE DE JIM\u00c9NEZ DUARTE ASOCIADOS COMO RESULTADO DE CUALQUIER DECISI\u00d3N O ACCI\u00d3N DE JIM\u00c9NEZ DUARTE ASOCIADOS EN LA ADMINISTRACI\u00d3N, MANEJO, OPERACI\u00d3N Y EJECUCI\u00d3N DE ESTE SITIO. ESTA INDEMNIDAD APLICA A CUALQUIER VIOLACI\u00d3N POR PARTE DE LOS USUARIO DE ESTOS T\u00c9RMINOS Y CONDICIONES.<\/li>\n<li>Ley aplicable Estos T\u00c9RMINOS Y CONDICIONES ser\u00e1n interpretados y ejecutados exclusivamente de acuerdo a las leyes de la Rep\u00fablica de Colombia, sin perjuicio de las provisiones sobre conflicto de leyes de cualquier pa\u00eds.<\/li>\n<li>Modificaciones Ninguna secci\u00f3n de estos T\u00c9RMINOS Y CONDICIONES podr\u00e1 ser modificada, suprimida o agregada por el usuario del SITIO unilateralmente.<\/li>\n<li>Aplicabilidad Si cualquier secci\u00f3n o parte de estos T\u00c9RMINOS Y CONDICIONES no se puede aplicar o resulta inv\u00e1lida, en su totalidad o en parte, bajo cualquier ley, o sea sentenciada como tal por decisi\u00f3n judicial, dicha parte ser\u00e1 interpretada de conformidad con la ley aplicable y su falta de aplicabilidad o invalidez no har\u00e1 que estos T\u00c9RMINOS Y CONDICIONES en general y las disposiciones remanentes o porciones de ellas sean inaplicables o inv\u00e1lidas o ineficaces en su totalidad y, en tal evento, dichas disposiciones ser\u00e1n cambiadas e interpretadas de tal manera que se logren de la mejor manera posible los objetivos de tales disposiciones no aplicables o inv\u00e1lidas, dentro de los l\u00edmites de la ley aplicable o las decisiones aplicables de la corte.<\/li>\n<li>Integridad Estos T\u00c9RMINOS Y CONDICIONES constituyen los \u00fanicos t\u00e9rminos entre Jim\u00e9nez Duarte Asociadosy usted. La aceptaci\u00f3n de estos T\u00c9RMINOS Y CONDICIONES derogan cualquier acuerdo, pacto, declaraci\u00f3n, entendimiento y garant\u00eda anterior o contempor\u00e1neo con respecto a este SITIO, el Contenido, la informaci\u00f3n contenida en este SITIO, y el objeto de estos T\u00e9rminos de Uso. En caso de cualquier conflicto entre estos T\u00c9RMINOS Y CONDICIONES y cualquier acuerdo o entendimiento verbal, escrito o previo, prevalecer\u00e1n estos T\u00c9RMINOS Y CONDICIONES.<\/li>\n<li>\u00daltima actualizaci\u00f3n Estos T\u00c9RMINOS Y CONDICIONES fueron actualizados por \u00faltima vez en febrero 01 de 2018. Le recordamos que cuando usted accede y hace uso del SITIO, incluyendo todos y cualquiera de los SITIOs web de JIM\u00c9NEZ DUARTE ASOCIADOS, entenderemos que usted se obliga libremente al cumplimiento de estos T\u00c9RMINOS Y CONDICIONES.<\/li>\n<\/ol>\n[\/vc_column_text][\/vc_column][\/vc_row]\n","protected":false},"excerpt":{"rendered":"<p>[vc_row][vc_column][vc_column_text] Jim\u00e9nez Duarte Asociados T\u00e9rminos y condiciones [\/vc_column_text][vc_column_text]Gracias por visitar el SITIO de Jim\u00e9nez Duarte Asociados (en adelante el \u201cSITIO\u201d). Agradecemos su inter\u00e9s al considerarnos como<span class=\"excerpt-hellip\"> [\u2026]<\/span><\/p>\n","protected":false},"author":4,"featured_media":0,"parent":0,"menu_order":0,"comment_status":"closed","ping_status":"open","template":"","meta":{"footnotes":""},"class_list":["post-2724","page","type-page","status-publish","hentry"],"yoast_head":"<!-- This site is optimized with the Yoast SEO Premium plugin v15.2.1 - https:\/\/yoast.com\/wordpress\/plugins\/seo\/ -->\n<title>Terms and Conditions | JIM\u00c9NEZ DUARTE ASOCIADOS<\/title>\n<meta name=\"robots\" content=\"index, follow, max-snippet:-1, max-image-preview:large, max-video-preview:-1\" \/>\n<link rel=\"canonical\" href=\"https:\/\/jimenezduarte.com\/en\/terms-and-conditions\/\" \/>\n<meta property=\"og:locale\" content=\"en_US\" \/>\n<meta property=\"og:type\" content=\"article\" \/>\n<meta property=\"og:title\" content=\"Terms and Conditions | JIM\u00c9NEZ DUARTE ASOCIADOS\" \/>\n<meta property=\"og:description\" content=\"[vc_row][vc_column][vc_column_text] Jim\u00e9nez Duarte Asociados T\u00e9rminos y condiciones [\/vc_column_text][vc_column_text]Gracias por visitar el SITIO de Jim\u00e9nez Duarte Asociados (en adelante el \u201cSITIO\u201d). Agradecemos su inter\u00e9s al considerarnos como [\u2026]\" \/>\n<meta property=\"og:url\" content=\"https:\/\/jimenezduarte.com\/en\/terms-and-conditions\/\" \/>\n<meta property=\"og:site_name\" content=\"JIM\u00c9NEZ DUARTE ASOCIADOS\" \/>\n<meta property=\"article:publisher\" content=\"https:\/\/www.facebook.com\/JimenezDuarteAsociados\" \/>\n<meta property=\"article:modified_time\" content=\"2021-05-19T16:54:39+00:00\" \/>\n<meta property=\"og:image\" content=\"https:\/\/jimenezduarte.com\/wp-content\/uploads\/2022\/05\/1.-Nueva-Foto-Equipo-min-scaled.jpg\" \/>\n\t<meta property=\"og:image:width\" content=\"2560\" \/>\n\t<meta property=\"og:image:height\" content=\"1707\" \/>\n<meta name=\"twitter:card\" content=\"summary_large_image\" \/>\n<meta name=\"twitter:label1\" content=\"Written by\">\n\t<meta name=\"twitter:data1\" content=\"oscar Jimenez\">\n\t<meta name=\"twitter:label2\" content=\"Est. reading time\">\n\t<meta name=\"twitter:data2\" content=\"11 minutes\">\n<script type=\"application\/ld+json\" class=\"yoast-schema-graph\">{\"@context\":\"https:\/\/schema.org\",\"@graph\":[{\"@type\":\"Organization\",\"@id\":\"https:\/\/jimenezduarte.com\/#organization\",\"name\":\"Jim\\u00e9nez Duarte Asociados - Derecho Tributario y Corporativo\",\"url\":\"https:\/\/jimenezduarte.com\/\",\"sameAs\":[\"https:\/\/www.facebook.com\/JimenezDuarteAsociados\",\"https:\/\/www.instagram.com\/jimenezduarteasociados\/\",\"https:\/\/www.linkedin.com\/company\/jimenezduarteasociados\/\"],\"logo\":{\"@type\":\"ImageObject\",\"@id\":\"https:\/\/jimenezduarte.com\/#logo\",\"inLanguage\":\"en-US\",\"url\":\"https:\/\/jimenezduarte.com\/wp-content\/uploads\/2020\/10\/logo.png\",\"width\":232,\"height\":84,\"caption\":\"Jim\\u00e9nez Duarte Asociados - Derecho Tributario y Corporativo\"},\"image\":{\"@id\":\"https:\/\/jimenezduarte.com\/#logo\"}},{\"@type\":\"WebSite\",\"@id\":\"https:\/\/jimenezduarte.com\/#website\",\"url\":\"https:\/\/jimenezduarte.com\/\",\"name\":\"JIM\\u00c9NEZ DUARTE ASOCIADOS\",\"description\":\"Abogados -  Impuestos  |  Legal  |  Precios de Transferencia\",\"publisher\":{\"@id\":\"https:\/\/jimenezduarte.com\/#organization\"},\"potentialAction\":[{\"@type\":\"SearchAction\",\"target\":\"https:\/\/jimenezduarte.com\/?s={search_term_string}\",\"query-input\":\"required name=search_term_string\"}],\"inLanguage\":\"en-US\"},{\"@type\":\"WebPage\",\"@id\":\"https:\/\/jimenezduarte.com\/en\/terms-and-conditions\/#webpage\",\"url\":\"https:\/\/jimenezduarte.com\/en\/terms-and-conditions\/\",\"name\":\"Terms and Conditions | JIM\\u00c9NEZ DUARTE ASOCIADOS\",\"isPartOf\":{\"@id\":\"https:\/\/jimenezduarte.com\/#website\"},\"datePublished\":\"2020-10-21T06:00:06+00:00\",\"dateModified\":\"2021-05-19T16:54:39+00:00\",\"inLanguage\":\"en-US\",\"potentialAction\":[{\"@type\":\"ReadAction\",\"target\":[\"https:\/\/jimenezduarte.com\/en\/terms-and-conditions\/\"]}]}]}<\/script>\n<!-- \/ Yoast SEO Premium plugin. -->","_links":{"self":[{"href":"https:\/\/jimenezduarte.com\/en\/wp-json\/wp\/v2\/pages\/2724","targetHints":{"allow":["GET"]}}],"collection":[{"href":"https:\/\/jimenezduarte.com\/en\/wp-json\/wp\/v2\/pages"}],"about":[{"href":"https:\/\/jimenezduarte.com\/en\/wp-json\/wp\/v2\/types\/page"}],"author":[{"embeddable":true,"href":"https:\/\/jimenezduarte.com\/en\/wp-json\/wp\/v2\/users\/4"}],"replies":[{"embeddable":true,"href":"https:\/\/jimenezduarte.com\/en\/wp-json\/wp\/v2\/comments?post=2724"}],"version-history":[{"count":4,"href":"https:\/\/jimenezduarte.com\/en\/wp-json\/wp\/v2\/pages\/2724\/revisions"}],"predecessor-version":[{"id":7197,"href":"https:\/\/jimenezduarte.com\/en\/wp-json\/wp\/v2\/pages\/2724\/revisions\/7197"}],"wp:attachment":[{"href":"https:\/\/jimenezduarte.com\/en\/wp-json\/wp\/v2\/media?parent=2724"}],"curies":[{"name":"wp","href":"https:\/\/api.w.org\/{rel}","templated":true}]}}